{"id":2,"date":"2020-11-11T22:40:39","date_gmt":"2020-11-11T21:40:39","guid":{"rendered":"http:\/\/pragmatic-workshop.amon.de\/de\/?page_id=2"},"modified":"2021-08-27T22:55:35","modified_gmt":"2021-08-27T20:55:35","slug":"beispiel-seite","status":"publish","type":"page","link":"https:\/\/pragmatic-workshop.amon.de\/de\/","title":{"rendered":"Heimwerken &#8211; einfach und pragmatisch"},"content":{"rendered":"\n<figure class=\"wp-block-image size-large\"><img loading=\"lazy\" decoding=\"async\" width=\"1024\" height=\"459\" src=\"https:\/\/pragmatic-workshop.amon.de\/de\/wp-content\/uploads\/sites\/2\/2021\/07\/Esstisch_verleimen_1-1024x459.jpg\" alt=\"\" class=\"wp-image-769\" srcset=\"https:\/\/pragmatic-workshop.amon.de\/de\/wp-content\/uploads\/sites\/2\/2021\/07\/Esstisch_verleimen_1-1024x459.jpg 1024w, https:\/\/pragmatic-workshop.amon.de\/de\/wp-content\/uploads\/sites\/2\/2021\/07\/Esstisch_verleimen_1-300x135.jpg 300w, https:\/\/pragmatic-workshop.amon.de\/de\/wp-content\/uploads\/sites\/2\/2021\/07\/Esstisch_verleimen_1-768x344.jpg 768w, https:\/\/pragmatic-workshop.amon.de\/de\/wp-content\/uploads\/sites\/2\/2021\/07\/Esstisch_verleimen_1-1536x689.jpg 1536w, https:\/\/pragmatic-workshop.amon.de\/de\/wp-content\/uploads\/sites\/2\/2021\/07\/Esstisch_verleimen_1.jpg 2000w\" sizes=\"auto, (max-width: 1024px) 100vw, 1024px\" \/><\/figure>\n\n\n\n<p>Warum es unbedingt noch ein Heimwerkerblog braucht? <a href=\"https:\/\/pragmatic-workshop.amon.de\/de\/los-gehts\/\">Ganz einfach -&gt;<\/a><\/p>\n\n\n\n<h2 class=\"wp-block-heading\">Meine neuesten Beitr\u00e4ge:<\/h2>\n\n\n<ul class=\"wp-block-latest-posts__list is-grid columns-3 has-dates aligncenter wp-block-latest-posts\"><li><div class=\"wp-block-latest-posts__featured-image aligncenter\"><img loading=\"lazy\" decoding=\"async\" width=\"150\" height=\"150\" src=\"https:\/\/pragmatic-workshop.amon.de\/de\/wp-content\/uploads\/sites\/2\/2024\/04\/DreiEichhoernchen-150x150.jpg\" class=\"attachment-thumbnail size-thumbnail wp-post-image\" alt=\"\" style=\"\" \/><\/div><a class=\"wp-block-latest-posts__post-title\" href=\"https:\/\/pragmatic-workshop.amon.de\/de\/eichhoernchenkobel-teil-2-mit-erweiterung\/\">Eichh\u00f6rnchenkobel, Teil 2 mit Erweiterung<\/a><time datetime=\"2024-04-01T12:39:00+02:00\" class=\"wp-block-latest-posts__post-date\">1. April 2024<\/time><div class=\"wp-block-latest-posts__post-excerpt\">Ein Eichh\u00f6rnchenkobel bzw. Vogelh\u00e4uschen mit Webcam und Beleuchtung<div class=\"more-link-wrapper\"><a class=\"more-link\" href=\"https:\/\/pragmatic-workshop.amon.de\/de\/eichhoernchenkobel-teil-2-mit-erweiterung\/\">Weiter&#8230;<span class=\"screen-reader-text\">Eichh\u00f6rnchenkobel, Teil 2 mit Erweiterung<\/span> <i class=\"fas fa-angle-right\"><\/i><\/a><\/div><\/div><\/li>\n<li><div class=\"wp-block-latest-posts__featured-image aligncenter\"><img loading=\"lazy\" decoding=\"async\" width=\"150\" height=\"150\" src=\"https:\/\/pragmatic-workshop.amon.de\/de\/wp-content\/uploads\/sites\/2\/2022\/03\/Eichhoernchen_7-150x150.jpg\" class=\"attachment-thumbnail size-thumbnail wp-post-image\" alt=\"\" style=\"\" \/><\/div><a class=\"wp-block-latest-posts__post-title\" href=\"https:\/\/pragmatic-workshop.amon.de\/de\/eichhoernchenkobel-vogelhaeuschen-mit-webcam-selber-bauen\/\">Eichh\u00f6rnchenkobel \/ Vogelh\u00e4uschen mit Webcam selber bauen<\/a><time datetime=\"2022-03-06T21:12:29+01:00\" class=\"wp-block-latest-posts__post-date\">6. M\u00e4rz 2022<\/time><div class=\"wp-block-latest-posts__post-excerpt\">Ein Eichh\u00f6rnchenkobel bzw. Vogelh\u00e4uschen mit Webcam und Beleuchtung<div class=\"more-link-wrapper\"><a class=\"more-link\" href=\"https:\/\/pragmatic-workshop.amon.de\/de\/eichhoernchenkobel-vogelhaeuschen-mit-webcam-selber-bauen\/\">Weiter&#8230;<span class=\"screen-reader-text\">Eichh\u00f6rnchenkobel \/ Vogelh\u00e4uschen mit Webcam selber bauen<\/span> <i class=\"fas fa-angle-right\"><\/i><\/a><\/div><\/div><\/li>\n<li><div class=\"wp-block-latest-posts__featured-image aligncenter\"><img loading=\"lazy\" decoding=\"async\" width=\"150\" height=\"150\" src=\"https:\/\/pragmatic-workshop.amon.de\/de\/wp-content\/uploads\/sites\/2\/2022\/01\/GCM_Absaugung_4-150x150.jpg\" class=\"attachment-thumbnail size-thumbnail wp-post-image\" alt=\"\" style=\"\" srcset=\"https:\/\/pragmatic-workshop.amon.de\/de\/wp-content\/uploads\/sites\/2\/2022\/01\/GCM_Absaugung_4-150x150.jpg 150w, https:\/\/pragmatic-workshop.amon.de\/de\/wp-content\/uploads\/sites\/2\/2022\/01\/GCM_Absaugung_4-300x300.jpg 300w, https:\/\/pragmatic-workshop.amon.de\/de\/wp-content\/uploads\/sites\/2\/2022\/01\/GCM_Absaugung_4-1024x1022.jpg 1024w, https:\/\/pragmatic-workshop.amon.de\/de\/wp-content\/uploads\/sites\/2\/2022\/01\/GCM_Absaugung_4-768x767.jpg 768w, https:\/\/pragmatic-workshop.amon.de\/de\/wp-content\/uploads\/sites\/2\/2022\/01\/GCM_Absaugung_4-1536x1534.jpg 1536w, https:\/\/pragmatic-workshop.amon.de\/de\/wp-content\/uploads\/sites\/2\/2022\/01\/GCM_Absaugung_4.jpg 2000w\" sizes=\"auto, (max-width: 150px) 100vw, 150px\" \/><\/div><a class=\"wp-block-latest-posts__post-title\" href=\"https:\/\/pragmatic-workshop.amon.de\/de\/bosch-gcm-12-gdl-absaugung-upgrade-teil-1\/\">Bosch GCM 12 GDL Absaugung &#8211; Upgrade, Teil 1<\/a><time datetime=\"2022-01-08T11:51:11+01:00\" class=\"wp-block-latest-posts__post-date\">8. Januar 2022<\/time><div class=\"wp-block-latest-posts__post-excerpt\">G\u00fcnstige Erweiterung der Sp\u00e4neabsaugung der Bosch GCM 12 GDL<div class=\"more-link-wrapper\"><a class=\"more-link\" href=\"https:\/\/pragmatic-workshop.amon.de\/de\/bosch-gcm-12-gdl-absaugung-upgrade-teil-1\/\">Weiter&#8230;<span class=\"screen-reader-text\">Bosch GCM 12 GDL Absaugung &#8211; Upgrade, Teil 1<\/span> <i class=\"fas fa-angle-right\"><\/i><\/a><\/div><\/div><\/li>\n<li><div class=\"wp-block-latest-posts__featured-image aligncenter\"><img loading=\"lazy\" decoding=\"async\" width=\"150\" height=\"150\" src=\"https:\/\/pragmatic-workshop.amon.de\/de\/wp-content\/uploads\/sites\/2\/2021\/11\/Saegetisch_5-150x150.jpg\" class=\"attachment-thumbnail size-thumbnail wp-post-image\" alt=\"\" style=\"\" \/><\/div><a class=\"wp-block-latest-posts__post-title\" href=\"https:\/\/pragmatic-workshop.amon.de\/de\/mein-bosch-gts-10-xc-container\/\">Mein Bosch GTS 10 XC Container<\/a><time datetime=\"2021-11-12T20:46:27+01:00\" class=\"wp-block-latest-posts__post-date\">12. November 2021<\/time><div class=\"wp-block-latest-posts__post-excerpt\">Ein einfacher Container f\u00fcr die Tischkreiss\u00e4ge<div class=\"more-link-wrapper\"><a class=\"more-link\" href=\"https:\/\/pragmatic-workshop.amon.de\/de\/mein-bosch-gts-10-xc-container\/\">Weiter&#8230;<span class=\"screen-reader-text\">Mein Bosch GTS 10 XC Container<\/span> <i class=\"fas fa-angle-right\"><\/i><\/a><\/div><\/div><\/li>\n<li><div class=\"wp-block-latest-posts__featured-image aligncenter\"><img loading=\"lazy\" decoding=\"async\" width=\"150\" height=\"150\" src=\"https:\/\/pragmatic-workshop.amon.de\/de\/wp-content\/uploads\/sites\/2\/2021\/11\/Bessey_Cap_1-150x150.jpg\" class=\"attachment-thumbnail size-thumbnail wp-post-image\" alt=\"\" style=\"\" \/><\/div><a class=\"wp-block-latest-posts__post-title\" href=\"https:\/\/pragmatic-workshop.amon.de\/de\/schutzkappe-fuer-bessey-revo-krev\/\">Schutzkappe f\u00fcr Bessey REVO KRE(V)<\/a><time datetime=\"2021-11-05T20:33:29+01:00\" class=\"wp-block-latest-posts__post-date\">5. November 2021<\/time><div class=\"wp-block-latest-posts__post-excerpt\">3D gedruckte Schutzkappen f\u00fcr Bessey REVO KRE(V)<div class=\"more-link-wrapper\"><a class=\"more-link\" href=\"https:\/\/pragmatic-workshop.amon.de\/de\/schutzkappe-fuer-bessey-revo-krev\/\">Weiter&#8230;<span class=\"screen-reader-text\">Schutzkappe f\u00fcr Bessey REVO KRE(V)<\/span> <i class=\"fas fa-angle-right\"><\/i><\/a><\/div><\/div><\/li>\n<li><div class=\"wp-block-latest-posts__featured-image aligncenter\"><img loading=\"lazy\" decoding=\"async\" width=\"150\" height=\"150\" src=\"https:\/\/pragmatic-workshop.amon.de\/de\/wp-content\/uploads\/sites\/2\/2021\/10\/Schublade_8-150x150.jpg\" class=\"attachment-thumbnail size-thumbnail wp-post-image\" alt=\"\" style=\"\" \/><\/div><a class=\"wp-block-latest-posts__post-title\" href=\"https:\/\/pragmatic-workshop.amon.de\/de\/einfache-schublade-aus-holzresten\/\">Einfache Schublade aus Holzresten<\/a><time datetime=\"2021-10-20T18:15:07+02:00\" class=\"wp-block-latest-posts__post-date\">20. Oktober 2021<\/time><div class=\"wp-block-latest-posts__post-excerpt\">Wie baue ich g\u00fcnstige Schubladen aus Holzresten?<div class=\"more-link-wrapper\"><a class=\"more-link\" href=\"https:\/\/pragmatic-workshop.amon.de\/de\/einfache-schublade-aus-holzresten\/\">Weiter&#8230;<span class=\"screen-reader-text\">Einfache Schublade aus Holzresten<\/span> <i class=\"fas fa-angle-right\"><\/i><\/a><\/div><\/div><\/li>\n<li><div class=\"wp-block-latest-posts__featured-image aligncenter\"><img loading=\"lazy\" decoding=\"async\" width=\"150\" height=\"150\" src=\"https:\/\/pragmatic-workshop.amon.de\/de\/wp-content\/uploads\/sites\/2\/2021\/10\/Werkbank_15-150x150.jpg\" class=\"attachment-thumbnail size-thumbnail wp-post-image\" alt=\"\" style=\"\" \/><\/div><a class=\"wp-block-latest-posts__post-title\" href=\"https:\/\/pragmatic-workshop.amon.de\/de\/meine-traumwerkbank\/\">Meine Traumwerkbank<\/a><time datetime=\"2021-10-01T18:07:00+02:00\" class=\"wp-block-latest-posts__post-date\">1. Oktober 2021<\/time><div class=\"wp-block-latest-posts__post-excerpt\">So sieht meine Traumwerkbank aus<div class=\"more-link-wrapper\"><a class=\"more-link\" href=\"https:\/\/pragmatic-workshop.amon.de\/de\/meine-traumwerkbank\/\">Weiter&#8230;<span class=\"screen-reader-text\">Meine Traumwerkbank<\/span> <i class=\"fas fa-angle-right\"><\/i><\/a><\/div><\/div><\/li>\n<li><div class=\"wp-block-latest-posts__featured-image aligncenter\"><img loading=\"lazy\" decoding=\"async\" width=\"150\" height=\"150\" src=\"https:\/\/pragmatic-workshop.amon.de\/de\/wp-content\/uploads\/sites\/2\/2021\/06\/Verteilerdose_Viecher-150x150.jpg\" class=\"attachment-thumbnail size-thumbnail wp-post-image\" alt=\"\" style=\"\" \/><\/div><a class=\"wp-block-latest-posts__post-title\" href=\"https:\/\/pragmatic-workshop.amon.de\/de\/bewaesserungssteuerung-selbst-gemacht-teil-3\/\">Bew\u00e4sserungssteuerung &#8211; selbst gemacht, Teil 3<\/a><time datetime=\"2021-06-10T22:08:25+02:00\" class=\"wp-block-latest-posts__post-date\">10. Juni 2021<\/time><div class=\"wp-block-latest-posts__post-excerpt\">Wie baut man sich f\u00fcr relativ wenig Geld eine maximal flexible und herstellerunabh\u00e4ngige Bew\u00e4sserungssteuerung?<div class=\"more-link-wrapper\"><a class=\"more-link\" href=\"https:\/\/pragmatic-workshop.amon.de\/de\/bewaesserungssteuerung-selbst-gemacht-teil-3\/\">Weiter&#8230;<span class=\"screen-reader-text\">Bew\u00e4sserungssteuerung &#8211; selbst gemacht, Teil 3<\/span> <i class=\"fas fa-angle-right\"><\/i><\/a><\/div><\/div><\/li>\n<li><div class=\"wp-block-latest-posts__featured-image aligncenter\"><img loading=\"lazy\" decoding=\"async\" width=\"150\" height=\"150\" src=\"https:\/\/pragmatic-workshop.amon.de\/de\/wp-content\/uploads\/sites\/2\/2021\/06\/Verteilerkasten_komplett_2-150x150.jpg\" class=\"attachment-thumbnail size-thumbnail wp-post-image\" alt=\"\" style=\"\" \/><\/div><a class=\"wp-block-latest-posts__post-title\" href=\"https:\/\/pragmatic-workshop.amon.de\/de\/bewaesserungssteuerung-selbst-gemacht-teil-2\/\">Bew\u00e4sserungssteuerung &#8211; selbst gemacht, Teil 2<\/a><time datetime=\"2021-04-10T19:11:06+02:00\" class=\"wp-block-latest-posts__post-date\">10. April 2021<\/time><div class=\"wp-block-latest-posts__post-excerpt\">Wie baut man sich f\u00fcr relativ wenig Geld eine maximal flexible und herstellerunabh\u00e4ngige Bew\u00e4sserungssteuerung?<div class=\"more-link-wrapper\"><a class=\"more-link\" href=\"https:\/\/pragmatic-workshop.amon.de\/de\/bewaesserungssteuerung-selbst-gemacht-teil-2\/\">Weiter&#8230;<span class=\"screen-reader-text\">Bew\u00e4sserungssteuerung &#8211; selbst gemacht, Teil 2<\/span> <i class=\"fas fa-angle-right\"><\/i><\/a><\/div><\/div><\/li>\n<li><div class=\"wp-block-latest-posts__featured-image aligncenter\"><img loading=\"lazy\" decoding=\"async\" width=\"150\" height=\"150\" src=\"https:\/\/pragmatic-workshop.amon.de\/de\/wp-content\/uploads\/sites\/2\/2021\/06\/ZMAi-90-150x150.jpg\" class=\"attachment-thumbnail size-thumbnail wp-post-image\" alt=\"\" style=\"\" srcset=\"https:\/\/pragmatic-workshop.amon.de\/de\/wp-content\/uploads\/sites\/2\/2021\/06\/ZMAi-90-150x150.jpg 150w, https:\/\/pragmatic-workshop.amon.de\/de\/wp-content\/uploads\/sites\/2\/2021\/06\/ZMAi-90-300x300.jpg 300w, https:\/\/pragmatic-workshop.amon.de\/de\/wp-content\/uploads\/sites\/2\/2021\/06\/ZMAi-90-768x768.jpg 768w, https:\/\/pragmatic-workshop.amon.de\/de\/wp-content\/uploads\/sites\/2\/2021\/06\/ZMAi-90.jpg 900w\" sizes=\"auto, (max-width: 150px) 100vw, 150px\" \/><\/div><a class=\"wp-block-latest-posts__post-title\" href=\"https:\/\/pragmatic-workshop.amon.de\/de\/smart-meter-via-mqtt-an-domoticz\/\">Smart Meter via MQTT an Domoticz<\/a><time datetime=\"2021-01-02T17:43:40+01:00\" class=\"wp-block-latest-posts__post-date\">2. Januar 2021<\/time><div class=\"wp-block-latest-posts__post-excerpt\">Im Netz gibt es diverse Anleitungen, um ein ZMAi-90 bzw. eMylo Smart Meter mit Tasmota zu flashen und via MQTT an Domoticz anzubinden. Dabei gibt es ein paar Dinge zu beachten.<div class=\"more-link-wrapper\"><a class=\"more-link\" href=\"https:\/\/pragmatic-workshop.amon.de\/de\/smart-meter-via-mqtt-an-domoticz\/\">Weiter&#8230;<span class=\"screen-reader-text\">Smart Meter via MQTT an Domoticz<\/span> <i class=\"fas fa-angle-right\"><\/i><\/a><\/div><\/div><\/li>\n<li><div class=\"wp-block-latest-posts__featured-image aligncenter\"><img loading=\"lazy\" decoding=\"async\" width=\"150\" height=\"150\" src=\"https:\/\/pragmatic-workshop.amon.de\/de\/wp-content\/uploads\/sites\/2\/2020\/09\/Bewaesserung_MPC_Steckplatine-1030x974-1-150x150.png\" class=\"attachment-thumbnail size-thumbnail wp-post-image\" alt=\"\" style=\"\" \/><\/div><a class=\"wp-block-latest-posts__post-title\" href=\"https:\/\/pragmatic-workshop.amon.de\/de\/bewaesserungssteuerung-guenstig-selbst-gemacht\/\">Bew\u00e4sserungssteuerung &#8211; selbst gemacht<\/a><time datetime=\"2020-09-24T19:50:45+02:00\" class=\"wp-block-latest-posts__post-date\">24. September 2020<\/time><div class=\"wp-block-latest-posts__post-excerpt\">Wie baut man sich f\u00fcr relativ wenig Geld eine maximal flexible und herstellerunabh\u00e4ngige Bew\u00e4sserungssteuerung?<div class=\"more-link-wrapper\"><a class=\"more-link\" href=\"https:\/\/pragmatic-workshop.amon.de\/de\/bewaesserungssteuerung-guenstig-selbst-gemacht\/\">Weiter&#8230;<span class=\"screen-reader-text\">Bew\u00e4sserungssteuerung &#8211; selbst gemacht<\/span> <i class=\"fas fa-angle-right\"><\/i><\/a><\/div><\/div><\/li>\n<li><a class=\"wp-block-latest-posts__post-title\" href=\"https:\/\/pragmatic-workshop.amon.de\/de\/boulderwand-fragen-uber-fragen\/\">Boulderwand: Fragen \u00fcber Fragen<\/a><time datetime=\"2020-09-02T04:00:19+02:00\" class=\"wp-block-latest-posts__post-date\">2. September 2020<\/time><div class=\"wp-block-latest-posts__post-excerpt\">Mich hat gestern eine E-Mail mit diversen Fragen zur Boulderwand erreicht. Da ich die Fragen ganz interessant finde m\u00f6chte ich euch meine Antworten nicht vorenthalten:&#8230;<div class=\"more-link-wrapper\"><a class=\"more-link\" href=\"https:\/\/pragmatic-workshop.amon.de\/de\/boulderwand-fragen-uber-fragen\/\">Weiter&#8230;<span class=\"screen-reader-text\">Boulderwand: Fragen \u00fcber Fragen<\/span> <i class=\"fas fa-angle-right\"><\/i><\/a><\/div><\/div><\/li>\n<li><div class=\"wp-block-latest-posts__featured-image aligncenter\"><img loading=\"lazy\" decoding=\"async\" width=\"150\" height=\"150\" src=\"https:\/\/pragmatic-workshop.amon.de\/de\/wp-content\/uploads\/sites\/2\/2021\/06\/wand1-150x150.jpg\" class=\"attachment-thumbnail size-thumbnail wp-post-image\" alt=\"\" style=\"\" \/><\/div><a class=\"wp-block-latest-posts__post-title\" href=\"https:\/\/pragmatic-workshop.amon.de\/de\/boulderwand-aktuelle-bilder-und-3d-daten-online\/\">Boulderwand: Aktuelle Bilder und 3D-Daten online<\/a><time datetime=\"2020-09-02T04:00:06+02:00\" class=\"wp-block-latest-posts__post-date\">2. September 2020<\/time><div class=\"wp-block-latest-posts__post-excerpt\">Ich habe Screenshots vom jetzigen Stand der Sketchup-Planung online gestellt. Ausserdem sind die dazu geh\u00f6rigen Sketchup-Dateien online. So kann man sich recht einfach einen Eindruck&#8230;<div class=\"more-link-wrapper\"><a class=\"more-link\" href=\"https:\/\/pragmatic-workshop.amon.de\/de\/boulderwand-aktuelle-bilder-und-3d-daten-online\/\">Weiter&#8230;<span class=\"screen-reader-text\">Boulderwand: Aktuelle Bilder und 3D-Daten online<\/span> <i class=\"fas fa-angle-right\"><\/i><\/a><\/div><\/div><\/li>\n<li><div class=\"wp-block-latest-posts__featured-image aligncenter\"><img loading=\"lazy\" decoding=\"async\" width=\"150\" height=\"150\" src=\"https:\/\/pragmatic-workshop.amon.de\/de\/wp-content\/uploads\/sites\/2\/2021\/06\/fertig-1-150x150.jpg\" class=\"attachment-thumbnail size-thumbnail wp-post-image\" alt=\"\" style=\"\" \/><\/div><a class=\"wp-block-latest-posts__post-title\" href=\"https:\/\/pragmatic-workshop.amon.de\/de\/boulderwand-es-ist-vollbracht\/\">Boulderwand: Es ist vollbracht!<\/a><time datetime=\"2020-09-02T03:12:30+02:00\" class=\"wp-block-latest-posts__post-date\">2. September 2020<\/time><div class=\"wp-block-latest-posts__post-excerpt\">Der Schluss hat mich noch jede Menge Schwei\u00df und auch ein bisschen Blut gekostet, aber es ist vollbracht, die Wand ist komplett montiert: Die Montage&#8230;<div class=\"more-link-wrapper\"><a class=\"more-link\" href=\"https:\/\/pragmatic-workshop.amon.de\/de\/boulderwand-es-ist-vollbracht\/\">Weiter&#8230;<span class=\"screen-reader-text\">Boulderwand: Es ist vollbracht!<\/span> <i class=\"fas fa-angle-right\"><\/i><\/a><\/div><\/div><\/li>\n<li><div class=\"wp-block-latest-posts__featured-image aligncenter\"><img loading=\"lazy\" decoding=\"async\" width=\"150\" height=\"150\" src=\"https:\/\/pragmatic-workshop.amon.de\/de\/wp-content\/uploads\/sites\/2\/2021\/06\/muttern-150x150.jpg\" class=\"attachment-thumbnail size-thumbnail wp-post-image\" alt=\"\" style=\"\" \/><\/div><a class=\"wp-block-latest-posts__post-title\" href=\"https:\/\/pragmatic-workshop.amon.de\/de\/boulderwand-3-platte-fertig-und-drehmomentproblem-gelost\/\">Boulderwand: 3. Platte fertig und Drehmomentproblem gel\u00f6st<\/a><time datetime=\"2020-09-02T02:20:41+02:00\" class=\"wp-block-latest-posts__post-date\">2. September 2020<\/time><div class=\"wp-block-latest-posts__post-excerpt\">Die oberste Platte ist jetzt auch fertig, inkl. aller Einschlagmutter. Ich d\u00fcrfte jetzt so insgesamt an die 470 Muttern in die drei Platten gedonnert haben.&#8230;<div class=\"more-link-wrapper\"><a class=\"more-link\" href=\"https:\/\/pragmatic-workshop.amon.de\/de\/boulderwand-3-platte-fertig-und-drehmomentproblem-gelost\/\">Weiter&#8230;<span class=\"screen-reader-text\">Boulderwand: 3. Platte fertig und Drehmomentproblem gel\u00f6st<\/span> <i class=\"fas fa-angle-right\"><\/i><\/a><\/div><\/div><\/li>\n<li><div class=\"wp-block-latest-posts__featured-image aligncenter\"><img loading=\"lazy\" decoding=\"async\" width=\"150\" height=\"150\" src=\"https:\/\/pragmatic-workshop.amon.de\/de\/wp-content\/uploads\/sites\/2\/2021\/06\/DSCF0010-150x150.jpg\" class=\"attachment-thumbnail size-thumbnail wp-post-image\" alt=\"\" style=\"\" \/><\/div><a class=\"wp-block-latest-posts__post-title\" href=\"https:\/\/pragmatic-workshop.amon.de\/de\/boulderwand-in-der-zwischenzeit\/\">Boulderwand: In der Zwischenzeit&#8230;<\/a><time datetime=\"2020-09-02T02:10:58+02:00\" class=\"wp-block-latest-posts__post-date\">2. September 2020<\/time><div class=\"wp-block-latest-posts__post-excerpt\">Wie&#8217;s oft so ist, man ist am bauen und hat dann keine Zeit und\/oder Lust was dazu zu schreiben. Das hole ich jetzt mal nach,&#8230;<div class=\"more-link-wrapper\"><a class=\"more-link\" href=\"https:\/\/pragmatic-workshop.amon.de\/de\/boulderwand-in-der-zwischenzeit\/\">Weiter&#8230;<span class=\"screen-reader-text\">Boulderwand: In der Zwischenzeit&#8230;<\/span> <i class=\"fas fa-angle-right\"><\/i><\/a><\/div><\/div><\/li>\n<li><div class=\"wp-block-latest-posts__featured-image aligncenter\"><img loading=\"lazy\" decoding=\"async\" width=\"150\" height=\"150\" src=\"https:\/\/pragmatic-workshop.amon.de\/de\/wp-content\/uploads\/sites\/2\/2021\/06\/Bauteile-150x150.jpg\" class=\"attachment-thumbnail size-thumbnail wp-post-image\" alt=\"\" style=\"\" \/><\/div><a class=\"wp-block-latest-posts__post-title\" href=\"https:\/\/pragmatic-workshop.amon.de\/de\/boulderwand-einkauf-abgeschlossen\/\">Boulderwand: Einkauf (fast) abgeschlossen<\/a><time datetime=\"2020-09-02T02:05:48+02:00\" class=\"wp-block-latest-posts__post-date\">2. September 2020<\/time><div class=\"wp-block-latest-posts__post-excerpt\">Heute habe ich die vorerst letzten Teile gekauft. Da ich nicht alles bei Obi oder Hornbach bekommen habe, ging&#8217;s auch noch zur BayWa.Die Artikelliste ist&#8230;<div class=\"more-link-wrapper\"><a class=\"more-link\" href=\"https:\/\/pragmatic-workshop.amon.de\/de\/boulderwand-einkauf-abgeschlossen\/\">Weiter&#8230;<span class=\"screen-reader-text\">Boulderwand: Einkauf (fast) abgeschlossen<\/span> <i class=\"fas fa-angle-right\"><\/i><\/a><\/div><\/div><\/li>\n<li><div class=\"wp-block-latest-posts__featured-image aligncenter\"><img loading=\"lazy\" decoding=\"async\" width=\"150\" height=\"150\" src=\"https:\/\/pragmatic-workshop.amon.de\/de\/wp-content\/uploads\/sites\/2\/2021\/06\/kletterzimmer3-150x150.jpg\" class=\"attachment-thumbnail size-thumbnail wp-post-image\" alt=\"\" style=\"\" \/><\/div><a class=\"wp-block-latest-posts__post-title\" href=\"https:\/\/pragmatic-workshop.amon.de\/de\/boulderwand-noch-ist-alles-leer\/\">Boulderwand: Noch ist alles leer&#8230;<\/a><time datetime=\"2020-09-02T02:00:18+02:00\" class=\"wp-block-latest-posts__post-date\">2. September 2020<\/time><div class=\"wp-block-latest-posts__post-excerpt\">So schaut es im Moment noch aus. Das wird sich ab heute \u00e4ndern&#8230; \u00a0<\/div><\/li>\n<li><div class=\"wp-block-latest-posts__featured-image aligncenter\"><img loading=\"lazy\" decoding=\"async\" width=\"150\" height=\"150\" src=\"https:\/\/pragmatic-workshop.amon.de\/de\/wp-content\/uploads\/sites\/2\/2021\/06\/Bauteile-150x150.jpg\" class=\"attachment-thumbnail size-thumbnail wp-post-image\" alt=\"\" style=\"\" \/><\/div><a class=\"wp-block-latest-posts__post-title\" href=\"https:\/\/pragmatic-workshop.amon.de\/de\/boulderwand-es-geht-endlich-los\/\">Boulderwand: Es geht endlich los!<\/a><time datetime=\"2020-09-02T01:00:00+02:00\" class=\"wp-block-latest-posts__post-date\">2. September 2020<\/time><div class=\"wp-block-latest-posts__post-excerpt\">Hat ja lange genug gedauert! Genug geplant, gezeichnet, gerechnet, Preise verglichen, Webseiten besucht und Baum\u00e4rkte abgeklappert. Alles, was \u00fcber das Internet zu bestellen war, wurde&#8230;<div class=\"more-link-wrapper\"><a class=\"more-link\" href=\"https:\/\/pragmatic-workshop.amon.de\/de\/boulderwand-es-geht-endlich-los\/\">Weiter&#8230;<span class=\"screen-reader-text\">Boulderwand: Es geht endlich los!<\/span> <i class=\"fas fa-angle-right\"><\/i><\/a><\/div><\/div><\/li>\n<li><div class=\"wp-block-latest-posts__featured-image aligncenter\"><img loading=\"lazy\" decoding=\"async\" width=\"150\" height=\"150\" src=\"https:\/\/pragmatic-workshop.amon.de\/de\/wp-content\/uploads\/sites\/2\/2021\/10\/Treppe-e1634228409971-150x150.png\" class=\"attachment-thumbnail size-thumbnail wp-post-image\" alt=\"\" style=\"\" \/><\/div><a class=\"wp-block-latest-posts__post-title\" href=\"https:\/\/pragmatic-workshop.amon.de\/de\/eine-treppe-ins-becken\/\">Eine Treppe ins Becken<\/a><time datetime=\"2020-05-10T18:30:00+02:00\" class=\"wp-block-latest-posts__post-date\">10. Mai 2020<\/time><div class=\"wp-block-latest-posts__post-excerpt\">Der Raum, in dem ich mir meine Werkstatt aufbaue, h\u00e4tte urspr\u00fcnglich mal ein kleines Schwimmbad werden sollen. Aus diesem Grund befindet sich hier ein Becken.&#8230;<div class=\"more-link-wrapper\"><a class=\"more-link\" href=\"https:\/\/pragmatic-workshop.amon.de\/de\/eine-treppe-ins-becken\/\">Weiter&#8230;<span class=\"screen-reader-text\">Eine Treppe ins Becken<\/span> <i class=\"fas fa-angle-right\"><\/i><\/a><\/div><\/div><\/li>\n<li><div class=\"wp-block-latest-posts__featured-image aligncenter\"><img loading=\"lazy\" decoding=\"async\" width=\"150\" height=\"150\" src=\"https:\/\/pragmatic-workshop.amon.de\/de\/wp-content\/uploads\/sites\/2\/2021\/08\/Umbau_0-150x150.jpg\" class=\"attachment-thumbnail size-thumbnail wp-post-image\" alt=\"\" style=\"\" \/><\/div><a class=\"wp-block-latest-posts__post-title\" href=\"https:\/\/pragmatic-workshop.amon.de\/de\/die-werkstatt-entsteht-der-anfang\/\">Die Werkstatt entsteht &#8211; der Anfang<\/a><time datetime=\"2020-05-01T20:09:00+02:00\" class=\"wp-block-latest-posts__post-date\">1. Mai 2020<\/time><div class=\"wp-block-latest-posts__post-excerpt\">Erst mal die Basic einbauen<div class=\"more-link-wrapper\"><a class=\"more-link\" href=\"https:\/\/pragmatic-workshop.amon.de\/de\/die-werkstatt-entsteht-der-anfang\/\">Weiter&#8230;<span class=\"screen-reader-text\">Die Werkstatt entsteht &#8211; der Anfang<\/span> <i class=\"fas fa-angle-right\"><\/i><\/a><\/div><\/div><\/li>\n<\/ul>\n\n\n<p><\/p>\n","protected":false},"excerpt":{"rendered":"<p>Warum es unbedingt noch ein Heimwerkerblog braucht? Ganz einfach -&gt; Meine neuesten Beitr\u00e4ge:<\/p>\n","protected":false},"author":1,"featured_media":0,"parent":0,"menu_order":0,"comment_status":"closed","ping_status":"open","template":"","meta":{"_acf_changed":false,"footnotes":""},"class_list":["post-2","page","type-page","status-publish","hentry","entry"],"acf":[],"_links":{"self":[{"href":"https:\/\/pragmatic-workshop.amon.de\/de\/wp-json\/wp\/v2\/pages\/2","targetHints":{"allow":["GET"]}}],"collection":[{"href":"https:\/\/pragmatic-workshop.amon.de\/de\/wp-json\/wp\/v2\/pages"}],"about":[{"href":"https:\/\/pragmatic-workshop.amon.de\/de\/wp-json\/wp\/v2\/types\/page"}],"author":[{"embeddable":true,"href":"https:\/\/pragmatic-workshop.amon.de\/de\/wp-json\/wp\/v2\/users\/1"}],"replies":[{"embeddable":true,"href":"https:\/\/pragmatic-workshop.amon.de\/de\/wp-json\/wp\/v2\/comments?post=2"}],"version-history":[{"count":13,"href":"https:\/\/pragmatic-workshop.amon.de\/de\/wp-json\/wp\/v2\/pages\/2\/revisions"}],"predecessor-version":[{"id":856,"href":"https:\/\/pragmatic-workshop.amon.de\/de\/wp-json\/wp\/v2\/pages\/2\/revisions\/856"}],"wp:attachment":[{"href":"https:\/\/pragmatic-workshop.amon.de\/de\/wp-json\/wp\/v2\/media?parent=2"}],"curies":[{"name":"wp","href":"https:\/\/api.w.org\/{rel}","templated":true}]}}